{"id":2811,"date":"2019-02-01T09:24:14","date_gmt":"2019-02-01T08:24:15","guid":{"rendered":"https:\/\/aluminismercade.com\/?post_type=product&#038;p=2811"},"modified":"2019-02-05T17:12:29","modified_gmt":"2019-02-05T16:12:29","slug":"4900-corredera-hi-rpt","status":"publish","type":"product","link":"https:\/\/aluminismercade.com\/es\/producto\/ventanas-correderas-es\/4900-corredera-hi-rpt\/","title":{"rendered":"4900 Corredera HI RPT"},"content":{"rendered":"<p>[vc_row][vc_column][vc_tta_tabs][vc_tta_section title=\u00bbDatos T\u00e9cnicos\u00bb tab_id=\u00bb1515660728564-a9742037-414fdd67-5385&#8243;][vc_row_inner][vc_column_inner width=\u00bb1\/2&#8243;][vc_column_text]<\/p>\n<div style=\"color: black;\"><strong><span class=\"notranslate\">Grosor m\u00e1ximo de vidrio:\u00a0<\/span><\/strong>36 mm<br \/>\n<strong>Conjuntos:\u00a0<\/strong>Marco \u2013 70 mm \/ Tricarril\u00a0\u2013 126 mm \/ Hoja \u2013 50 mm<br \/>\n<strong>Grosor del perfil: <\/strong>Puerta 1,6 mm<br \/>\n<strong>Longitud de la tira de poliamida:\u00a0<\/strong>34 mm<\/div>\n<p>[\/vc_column_text][\/vc_column_inner][vc_column_inner width=\u00bb1\/2&#8243;][vc_column_text]<\/p>\n<div style=\"color: black;\"><strong>Posibilidades de apertura:<br \/>\n<\/strong>Corredera de 2, 3 ,4 y 6 hojas<br \/>\nPosibilidad tricarril<\/div>\n<p>[\/vc_column_text][\/vc_column_inner][\/vc_row_inner][\/vc_tta_section][vc_tta_section title=\u00bbAcabados &#8211; Dimensiones &#8211; Peso\u00bb tab_id=\u00bb1515663150668-47ba11f3-6355dd67-5385&#8243;][vc_row_inner][vc_column_inner width=\u00bb1\/2&#8243;][vc_column_text]<\/p>\n<div style=\"color: black;\">\n<p><strong><span class=\"notranslate\">Acabados:<br \/>\n<\/span><\/strong>Posibilidad de sistemas bicolores<br \/>\nRecubrimiento en polvo de color (RAL, maltratadas y \u00e1speras)<br \/>\nRevestimiento en polvo de efecto de madera<br \/>\nRecubrimiento en polvo antibacteriano<br \/>\nAnodizado<\/p>\n<\/div>\n<p>[\/vc_column_text][\/vc_column_inner][vc_column_inner width=\u00bb1\/2&#8243;][vc_column_text]<\/p>\n<div style=\"color: black;\">\n<p><strong>Dimensiones m\u00e1ximas \/ hoja:<br \/>\n<\/strong><span class=\"notranslate\">Ancho (L) = 2.200 mm<br \/>\n<\/span>Alto (H) = 2.600 mm<\/p>\n<p><strong>Peso m\u00e1ximo \/ hoja:\u00a0<\/strong><span class=\"notranslate\">240 kg<br \/>\n<em>Consulta sobre el peso m\u00e1ximo y las dimensiones seg\u00fan el tipo.<\/em><br \/>\n<\/span><\/p>\n<p>&nbsp;<\/p>\n<\/div>\n<p>[\/vc_column_text][\/vc_column_inner][\/vc_row_inner][\/vc_tta_section][\/vc_tta_tabs][\/vc_column][\/vc_row]<\/p>\n","protected":false},"excerpt":{"rendered":"<div style=\"color: black;\">\n<h4>Descripci\u00f3n[dt_divider style=\"thin\" \/]<\/h4>\n<p>Sistema de ventanas y puertas correderas de est\u00e9tica recta que incorpora un nudo central minimalista de tan s\u00f3lo 35 mm de secci\u00f3n vista.<\/p>\n<p>Permite maximizar la capacidad de acristalamiento hasta los 36 mm aumentando las prestaciones t\u00e9rmicas y ac\u00fasticas.<\/p>\n<p>Sus hojas de hasta 240 kg de peso permiten unas dimensiones m\u00e1ximas de 2200 mm ancho x 2600 mm de alto.<\/p>\n<p><a href=\"http:\/\/aluminismercade.com\/es\/contacto\/\"><img loading=\"lazy\" class=\"alignnone size-medium wp-image-2247\" src=\"http:\/\/aluminismercade.com\/wp-content\/uploads\/2018\/01\/boto_final_es-300x58.png\" alt=\"\" width=\"300\" height=\"58\" srcset=\"https:\/\/aluminismercade.com\/wp-content\/uploads\/2018\/01\/boto_final_es-300x58.png 300w, https:\/\/aluminismercade.com\/wp-content\/uploads\/2018\/01\/boto_final_es-768x147.png 768w, https:\/\/aluminismercade.com\/wp-content\/uploads\/2018\/01\/boto_final_es-1024x197.png 1024w, https:\/\/aluminismercade.com\/wp-content\/uploads\/2018\/01\/boto_final_es.png 1875w\" sizes=\"(max-width: 300px) 100vw, 300px\" \/><\/a><\/p>\n<\/div>\n","protected":false},"featured_media":2815,"template":"","meta":[],"yoast_head":"<!-- This site is optimized with the Yoast SEO plugin v18.3 - https:\/\/yoast.com\/wordpress\/plugins\/seo\/ -->\n<title>Ventanas Correderas de Aluminio Lleida<\/title>\n<meta name=\"description\" content=\"Suministro y colocaci\u00f3n de ventanas de aluminio y PVC, marcas Cortizo y Komerling.\" \/>\n<meta name=\"robots\" content=\"index, follow, max-snippet:-1, max-image-preview:large, max-video-preview:-1\" \/>\n<link rel=\"canonical\" href=\"https:\/\/aluminismercade.com\/es\/producto\/ventanas-correderas-es\/4900-corredera-hi-rpt\/\" \/>\n<meta property=\"og:locale\" content=\"es_ES\" \/>\n<meta property=\"og:type\" content=\"article\" \/>\n<meta property=\"og:title\" content=\"Ventanas Correderas de Aluminio Lleida\" \/>\n<meta property=\"og:description\" content=\"Suministro y colocaci\u00f3n de ventanas de aluminio y PVC, marcas Cortizo y Komerling.\" \/>\n<meta property=\"og:url\" content=\"https:\/\/aluminismercade.com\/es\/producto\/ventanas-correderas-es\/4900-corredera-hi-rpt\/\" \/>\n<meta property=\"og:site_name\" content=\"Aluminis Mercad\u00e9 - Lleida, Torrefarrera, tancaments, pvc, reparacions, mampares, persianes, mosquiteres, barenes, portes, enrollables, estores, toldo, sostres, etc.\" \/>\n<meta property=\"article:modified_time\" content=\"2019-02-05T16:12:29+00:00\" \/>\n<meta property=\"og:image\" content=\"https:\/\/aluminismercade.com\/wp-content\/uploads\/2019\/02\/4900-corredera.jpg\" \/>\n\t<meta property=\"og:image:width\" content=\"1135\" \/>\n\t<meta property=\"og:image:height\" content=\"768\" \/>\n\t<meta property=\"og:image:type\" content=\"image\/jpeg\" \/>\n<meta name=\"twitter:card\" content=\"summary\" \/>\n<meta name=\"twitter:label1\" content=\"Tiempo de lectura\" \/>\n\t<meta name=\"twitter:data1\" content=\"1 minuto\" \/>\n<script type=\"application\/ld+json\" class=\"yoast-schema-graph\">{\"@context\":\"https:\/\/schema.org\",\"@graph\":[{\"@type\":\"WebSite\",\"@id\":\"https:\/\/aluminismercade.com\/#website\",\"url\":\"https:\/\/aluminismercade.com\/\",\"name\":\"Aluminis Mercad\u00e9 - Lleida, Torrefarrera, tancaments, pvc, reparacions, mampares, persianes, mosquiteres, barenes, portes, enrollables, estores, toldo, sostres, etc.\",\"description\":\"Lleida, Torrefarrera, tancaments, pvc, reparacions, mampares, persianes, mosquiteres, barenes, portes, enrollables, estores, toldo, sostres, etc.\",\"potentialAction\":[{\"@type\":\"SearchAction\",\"target\":{\"@type\":\"EntryPoint\",\"urlTemplate\":\"https:\/\/aluminismercade.com\/?s={search_term_string}\"},\"query-input\":\"required name=search_term_string\"}],\"inLanguage\":\"es\"},{\"@type\":\"ImageObject\",\"@id\":\"https:\/\/aluminismercade.com\/es\/producto\/ventanas-correderas-es\/4900-corredera-hi-rpt\/#primaryimage\",\"inLanguage\":\"es\",\"url\":\"https:\/\/aluminismercade.com\/wp-content\/uploads\/2019\/02\/4900-corredera.jpg\",\"contentUrl\":\"https:\/\/aluminismercade.com\/wp-content\/uploads\/2019\/02\/4900-corredera.jpg\",\"width\":1135,\"height\":768,\"caption\":\"Aluminis Mercad\u00e9\"},{\"@type\":\"WebPage\",\"@id\":\"https:\/\/aluminismercade.com\/es\/producto\/ventanas-correderas-es\/4900-corredera-hi-rpt\/#webpage\",\"url\":\"https:\/\/aluminismercade.com\/es\/producto\/ventanas-correderas-es\/4900-corredera-hi-rpt\/\",\"name\":\"Ventanas Correderas de Aluminio Lleida\",\"isPartOf\":{\"@id\":\"https:\/\/aluminismercade.com\/#website\"},\"primaryImageOfPage\":{\"@id\":\"https:\/\/aluminismercade.com\/es\/producto\/ventanas-correderas-es\/4900-corredera-hi-rpt\/#primaryimage\"},\"datePublished\":\"2019-02-01T08:24:15+00:00\",\"dateModified\":\"2019-02-05T16:12:29+00:00\",\"description\":\"Suministro y colocaci\u00f3n de ventanas de aluminio y PVC, marcas Cortizo y Komerling.\",\"breadcrumb\":{\"@id\":\"https:\/\/aluminismercade.com\/es\/producto\/ventanas-correderas-es\/4900-corredera-hi-rpt\/#breadcrumb\"},\"inLanguage\":\"es\",\"potentialAction\":[{\"@type\":\"ReadAction\",\"target\":[\"https:\/\/aluminismercade.com\/es\/producto\/ventanas-correderas-es\/4900-corredera-hi-rpt\/\"]}]},{\"@type\":\"BreadcrumbList\",\"@id\":\"https:\/\/aluminismercade.com\/es\/producto\/ventanas-correderas-es\/4900-corredera-hi-rpt\/#breadcrumb\",\"itemListElement\":[{\"@type\":\"ListItem\",\"position\":1,\"name\":\"Portada\",\"item\":\"https:\/\/aluminismercade.com\/es\/\"},{\"@type\":\"ListItem\",\"position\":2,\"name\":\"Botiga\",\"item\":\"https:\/\/aluminismercade.com\/botiga\/\"},{\"@type\":\"ListItem\",\"position\":3,\"name\":\"4900 Corredera HI RPT\"}]}]}<\/script>\n<!-- \/ Yoast SEO plugin. -->","yoast_head_json":{"title":"Ventanas Correderas de Aluminio Lleida","description":"Suministro y colocaci\u00f3n de ventanas de aluminio y PVC, marcas Cortizo y Komerling.","robots":{"index":"index","follow":"follow","max-snippet":"max-snippet:-1","max-image-preview":"max-image-preview:large","max-video-preview":"max-video-preview:-1"},"canonical":"https:\/\/aluminismercade.com\/es\/producto\/ventanas-correderas-es\/4900-corredera-hi-rpt\/","og_locale":"es_ES","og_type":"article","og_title":"Ventanas Correderas de Aluminio Lleida","og_description":"Suministro y colocaci\u00f3n de ventanas de aluminio y PVC, marcas Cortizo y Komerling.","og_url":"https:\/\/aluminismercade.com\/es\/producto\/ventanas-correderas-es\/4900-corredera-hi-rpt\/","og_site_name":"Aluminis Mercad\u00e9 - Lleida, Torrefarrera, tancaments, pvc, reparacions, mampares, persianes, mosquiteres, barenes, portes, enrollables, estores, toldo, sostres, etc.","article_modified_time":"2019-02-05T16:12:29+00:00","og_image":[{"width":1135,"height":768,"url":"https:\/\/aluminismercade.com\/wp-content\/uploads\/2019\/02\/4900-corredera.jpg","type":"image\/jpeg"}],"twitter_card":"summary","twitter_misc":{"Tiempo de lectura":"1 minuto"},"schema":{"@context":"https:\/\/schema.org","@graph":[{"@type":"WebSite","@id":"https:\/\/aluminismercade.com\/#website","url":"https:\/\/aluminismercade.com\/","name":"Aluminis Mercad\u00e9 - Lleida, Torrefarrera, tancaments, pvc, reparacions, mampares, persianes, mosquiteres, barenes, portes, enrollables, estores, toldo, sostres, etc.","description":"Lleida, Torrefarrera, tancaments, pvc, reparacions, mampares, persianes, mosquiteres, barenes, portes, enrollables, estores, toldo, sostres, etc.","potentialAction":[{"@type":"SearchAction","target":{"@type":"EntryPoint","urlTemplate":"https:\/\/aluminismercade.com\/?s={search_term_string}"},"query-input":"required name=search_term_string"}],"inLanguage":"es"},{"@type":"ImageObject","@id":"https:\/\/aluminismercade.com\/es\/producto\/ventanas-correderas-es\/4900-corredera-hi-rpt\/#primaryimage","inLanguage":"es","url":"https:\/\/aluminismercade.com\/wp-content\/uploads\/2019\/02\/4900-corredera.jpg","contentUrl":"https:\/\/aluminismercade.com\/wp-content\/uploads\/2019\/02\/4900-corredera.jpg","width":1135,"height":768,"caption":"Aluminis Mercad\u00e9"},{"@type":"WebPage","@id":"https:\/\/aluminismercade.com\/es\/producto\/ventanas-correderas-es\/4900-corredera-hi-rpt\/#webpage","url":"https:\/\/aluminismercade.com\/es\/producto\/ventanas-correderas-es\/4900-corredera-hi-rpt\/","name":"Ventanas Correderas de Aluminio Lleida","isPartOf":{"@id":"https:\/\/aluminismercade.com\/#website"},"primaryImageOfPage":{"@id":"https:\/\/aluminismercade.com\/es\/producto\/ventanas-correderas-es\/4900-corredera-hi-rpt\/#primaryimage"},"datePublished":"2019-02-01T08:24:15+00:00","dateModified":"2019-02-05T16:12:29+00:00","description":"Suministro y colocaci\u00f3n de ventanas de aluminio y PVC, marcas Cortizo y Komerling.","breadcrumb":{"@id":"https:\/\/aluminismercade.com\/es\/producto\/ventanas-correderas-es\/4900-corredera-hi-rpt\/#breadcrumb"},"inLanguage":"es","potentialAction":[{"@type":"ReadAction","target":["https:\/\/aluminismercade.com\/es\/producto\/ventanas-correderas-es\/4900-corredera-hi-rpt\/"]}]},{"@type":"BreadcrumbList","@id":"https:\/\/aluminismercade.com\/es\/producto\/ventanas-correderas-es\/4900-corredera-hi-rpt\/#breadcrumb","itemListElement":[{"@type":"ListItem","position":1,"name":"Portada","item":"https:\/\/aluminismercade.com\/es\/"},{"@type":"ListItem","position":2,"name":"Botiga","item":"https:\/\/aluminismercade.com\/botiga\/"},{"@type":"ListItem","position":3,"name":"4900 Corredera HI RPT"}]}]}},"_links":{"self":[{"href":"https:\/\/aluminismercade.com\/es\/wp-json\/wp\/v2\/product\/2811"}],"collection":[{"href":"https:\/\/aluminismercade.com\/es\/wp-json\/wp\/v2\/product"}],"about":[{"href":"https:\/\/aluminismercade.com\/es\/wp-json\/wp\/v2\/types\/product"}],"wp:featuredmedia":[{"embeddable":true,"href":"https:\/\/aluminismercade.com\/es\/wp-json\/wp\/v2\/media\/2815"}],"wp:attachment":[{"href":"https:\/\/aluminismercade.com\/es\/wp-json\/wp\/v2\/media?parent=2811"}],"curies":[{"name":"wp","href":"https:\/\/api.w.org\/{rel}","templated":true}]}}