{"id":2369,"date":"2018-01-11T10:54:35","date_gmt":"2018-01-11T09:54:35","guid":{"rendered":"https:\/\/aluminismercade.panelserver.org\/tienda\/cor-galicia-predium-aluminio-madera-rpt\/"},"modified":"2019-08-26T10:04:13","modified_gmt":"2019-08-26T08:04:13","slug":"cor-galicia-premium-aluminio-madera-rpt","status":"publish","type":"product","link":"https:\/\/aluminismercade.com\/es\/producto\/ventanas-practicables-es\/cor-galicia-premium-aluminio-madera-rpt\/","title":{"rendered":"COR &#8211; Galicia Premium Aluminio &#8211; Madera RPT"},"content":{"rendered":"<p>[vc_row][vc_column][vc_tta_tabs][vc_tta_section title=\u00bbDatos T\u00e9cnicos\u00bb tab_id=\u00bb1515660728564-a9742037-414f6641-c9b0&#8243;][vc_row_inner][vc_column_inner width=\u00bb1\/2&#8243;][vc_column_text]<\/p>\n<div style=\"color: black;\"><strong><span class=\"notranslate\">Grosor m\u00e1ximo de vidrio:\u00a0<\/span><\/strong><span class=\"notranslate\"><em>Hoja:\u00a0<\/em><\/span>44mm;\u00a0<em>Fijo:<\/em> 30mm<br \/>\n<strong>Conjuntos:\u00a0<\/strong>Marco \u2013 66,4 mm \/ Hoja\u2013 85,3 mm<br \/>\n<strong>Grosor del perfil: <\/strong>Ventana de\u00a01,5 mm; Puerta de 1,6 mm<br \/>\n<strong>Longitud de la tira de poliamida:\u00a0<\/strong>Marco &#8211; 14,8 mm; Hoja: 16 mm<\/div>\n<p>[\/vc_column_text][\/vc_column_inner][vc_column_inner width=\u00bb1\/2&#8243;][vc_column_text]<\/p>\n<div style=\"color: black;\"><strong>Posibilidades de apertura:<br \/>\n<\/strong>Interior: Practicable oscilo-batiente, oscilo-paralela y abatible.<\/div>\n<p>[\/vc_column_text][\/vc_column_inner][\/vc_row_inner][\/vc_tta_section][vc_tta_section title=\u00bbAcabados &#8211; Dimensiones &#8211; Peso\u00bb tab_id=\u00bb1515663150668-47ba11f3-63556641-c9b0&#8243;][vc_row_inner][vc_column_inner width=\u00bb1\/2&#8243;][vc_column_text]<\/p>\n<div style=\"color: black;\">\n<p><strong><span class=\"notranslate\">Acabados:<br \/>\n<\/span><\/strong><em><span class=\"notranslate\">Aluminio exterior:<br \/>\n<\/span><\/em><span class=\"notranslate\">Lacado de colores, Lacado efecto de madera, Lacado antibacteriano, Anodizado.<br \/>\n<em>Aluminio interior:<br \/>\n<\/em>Roble americano, sapelly, pi mellis y m\u00e1s opciones bajo demanda.<\/span><\/p>\n<\/div>\n<p>[\/vc_column_text][\/vc_column_inner][vc_column_inner width=\u00bb1\/2&#8243;][vc_column_text]<\/p>\n<div style=\"color: black;\">\n<p><strong>Dimensiones m\u00e1ximas \/ hoja:<br \/>\n<\/strong><span class=\"notranslate\">Ancho (L) = 1.400 mm<br \/>\n<\/span>Alto (H) = 2.400 mm<\/p>\n<p><strong>Peso m\u00e1ximo \/ hoja:\u00a0<\/strong><span class=\"notranslate\">100 kg<br \/>\n<em>Consulta sobre el peso m\u00e1ximo y las dimensiones seg\u00fan el tipo.<\/em><\/span><\/p>\n<\/div>\n<p>[\/vc_column_text][\/vc_column_inner][\/vc_row_inner][\/vc_tta_section][\/vc_tta_tabs][\/vc_column][\/vc_row][vc_row][vc_column][vc_column_text]Quiz\u00e1s estabas buscando:<\/p>\n<p>Ventanas de aluminio Lleida, ventanas PVC Lleida, empresa de aluminios Lleida, cierres de aluminio y pvc Lleida, ventanas Cortizo[\/vc_column_text][\/vc_column][\/vc_row]<\/p>\n","protected":false},"excerpt":{"rendered":"<div style=\"color: black;\">\n<h4>Descripci\u00f3n[dt_divider style=\"thin\" \/]<\/h4>\n<\/div>\n<div style=\"color: black;\">\n<p>Sistema mixto de aluminio-madera con rotura de puente t\u00e9rmico de 66,4 mm.<br \/>\nCon una est\u00e9tica similar y mejoradas prestaciones t\u00e9rmicas y ac\u00fasticas que la versi\u00f3n anterior de este sistema.<br \/>\nEst\u00e1 formado por perfiles exteriores de aluminio acoplados con varillas de poliamida.<\/p>\n<p><a href=\"http:\/\/aluminismercade.com\/es\/contacto\/\"><img loading=\"lazy\" class=\"alignnone size-medium wp-image-2247\" src=\"http:\/\/aluminismercade.com\/wp-content\/uploads\/2018\/01\/boto_final_es-300x58.png\" alt=\"\" width=\"300\" height=\"58\" srcset=\"https:\/\/aluminismercade.com\/wp-content\/uploads\/2018\/01\/boto_final_es-300x58.png 300w, https:\/\/aluminismercade.com\/wp-content\/uploads\/2018\/01\/boto_final_es-768x147.png 768w, https:\/\/aluminismercade.com\/wp-content\/uploads\/2018\/01\/boto_final_es-1024x197.png 1024w, https:\/\/aluminismercade.com\/wp-content\/uploads\/2018\/01\/boto_final_es.png 1875w\" sizes=\"(max-width: 300px) 100vw, 300px\" \/><\/a><\/p>\n<\/div>\n","protected":false},"featured_media":1996,"template":"","meta":[],"yoast_head":"<!-- This site is optimized with the Yoast SEO plugin v18.3 - https:\/\/yoast.com\/wordpress\/plugins\/seo\/ -->\n<title>Carpinteria de Aluminio de Lleida<\/title>\n<meta name=\"description\" content=\"Empresa d&#039;aluminis i pvc de Lleida. Subministre i col\u00b7locaci\u00f3 de finestres i portes d&#039;alumini i pvc a Lleida\" \/>\n<meta name=\"robots\" content=\"index, follow, max-snippet:-1, max-image-preview:large, max-video-preview:-1\" \/>\n<link rel=\"canonical\" href=\"https:\/\/aluminismercade.com\/es\/producto\/ventanas-practicables-es\/cor-galicia-premium-aluminio-madera-rpt\/\" \/>\n<meta property=\"og:locale\" content=\"es_ES\" \/>\n<meta property=\"og:type\" content=\"article\" \/>\n<meta property=\"og:title\" content=\"Carpinteria de Aluminio de Lleida\" \/>\n<meta property=\"og:description\" content=\"Empresa d&#039;aluminis i pvc de Lleida. Subministre i col\u00b7locaci\u00f3 de finestres i portes d&#039;alumini i pvc a Lleida\" \/>\n<meta property=\"og:url\" content=\"https:\/\/aluminismercade.com\/es\/producto\/ventanas-practicables-es\/cor-galicia-premium-aluminio-madera-rpt\/\" \/>\n<meta property=\"og:site_name\" content=\"Aluminis Mercad\u00e9 - Lleida, Torrefarrera, tancaments, pvc, reparacions, mampares, persianes, mosquiteres, barenes, portes, enrollables, estores, toldo, sostres, etc.\" \/>\n<meta property=\"article:modified_time\" content=\"2019-08-26T08:04:13+00:00\" \/>\n<meta property=\"og:image\" content=\"https:\/\/aluminismercade.com\/wp-content\/uploads\/2018\/01\/COR-GALICIA-orto.jpg\" \/>\n\t<meta property=\"og:image:width\" content=\"768\" \/>\n\t<meta property=\"og:image:height\" content=\"768\" \/>\n\t<meta property=\"og:image:type\" content=\"image\/jpeg\" \/>\n<meta name=\"twitter:card\" content=\"summary\" \/>\n<meta name=\"twitter:label1\" content=\"Tiempo de lectura\" \/>\n\t<meta name=\"twitter:data1\" content=\"1 minuto\" \/>\n<script type=\"application\/ld+json\" class=\"yoast-schema-graph\">{\"@context\":\"https:\/\/schema.org\",\"@graph\":[{\"@type\":\"WebSite\",\"@id\":\"https:\/\/aluminismercade.com\/#website\",\"url\":\"https:\/\/aluminismercade.com\/\",\"name\":\"Aluminis Mercad\u00e9 - Lleida, Torrefarrera, tancaments, pvc, reparacions, mampares, persianes, mosquiteres, barenes, portes, enrollables, estores, toldo, sostres, etc.\",\"description\":\"Lleida, Torrefarrera, tancaments, pvc, reparacions, mampares, persianes, mosquiteres, barenes, portes, enrollables, estores, toldo, sostres, etc.\",\"potentialAction\":[{\"@type\":\"SearchAction\",\"target\":{\"@type\":\"EntryPoint\",\"urlTemplate\":\"https:\/\/aluminismercade.com\/?s={search_term_string}\"},\"query-input\":\"required name=search_term_string\"}],\"inLanguage\":\"es\"},{\"@type\":\"ImageObject\",\"@id\":\"https:\/\/aluminismercade.com\/es\/producto\/ventanas-practicables-es\/cor-galicia-premium-aluminio-madera-rpt\/#primaryimage\",\"inLanguage\":\"es\",\"url\":\"https:\/\/aluminismercade.com\/wp-content\/uploads\/2018\/01\/COR-GALICIA-orto.jpg\",\"contentUrl\":\"https:\/\/aluminismercade.com\/wp-content\/uploads\/2018\/01\/COR-GALICIA-orto.jpg\",\"width\":768,\"height\":768,\"caption\":\"Aluminis Mercad\u00e9\"},{\"@type\":\"WebPage\",\"@id\":\"https:\/\/aluminismercade.com\/es\/producto\/ventanas-practicables-es\/cor-galicia-premium-aluminio-madera-rpt\/#webpage\",\"url\":\"https:\/\/aluminismercade.com\/es\/producto\/ventanas-practicables-es\/cor-galicia-premium-aluminio-madera-rpt\/\",\"name\":\"Carpinteria de Aluminio de Lleida\",\"isPartOf\":{\"@id\":\"https:\/\/aluminismercade.com\/#website\"},\"primaryImageOfPage\":{\"@id\":\"https:\/\/aluminismercade.com\/es\/producto\/ventanas-practicables-es\/cor-galicia-premium-aluminio-madera-rpt\/#primaryimage\"},\"datePublished\":\"2018-01-11T09:54:35+00:00\",\"dateModified\":\"2019-08-26T08:04:13+00:00\",\"description\":\"Empresa d'aluminis i pvc de Lleida. Subministre i col\u00b7locaci\u00f3 de finestres i portes d'alumini i pvc a Lleida\",\"breadcrumb\":{\"@id\":\"https:\/\/aluminismercade.com\/es\/producto\/ventanas-practicables-es\/cor-galicia-premium-aluminio-madera-rpt\/#breadcrumb\"},\"inLanguage\":\"es\",\"potentialAction\":[{\"@type\":\"ReadAction\",\"target\":[\"https:\/\/aluminismercade.com\/es\/producto\/ventanas-practicables-es\/cor-galicia-premium-aluminio-madera-rpt\/\"]}]},{\"@type\":\"BreadcrumbList\",\"@id\":\"https:\/\/aluminismercade.com\/es\/producto\/ventanas-practicables-es\/cor-galicia-premium-aluminio-madera-rpt\/#breadcrumb\",\"itemListElement\":[{\"@type\":\"ListItem\",\"position\":1,\"name\":\"Portada\",\"item\":\"https:\/\/aluminismercade.com\/es\/\"},{\"@type\":\"ListItem\",\"position\":2,\"name\":\"Botiga\",\"item\":\"https:\/\/aluminismercade.com\/botiga\/\"},{\"@type\":\"ListItem\",\"position\":3,\"name\":\"COR &#8211; Galicia Premium Aluminio &#8211; Madera RPT\"}]}]}<\/script>\n<!-- \/ Yoast SEO plugin. -->","yoast_head_json":{"title":"Carpinteria de Aluminio de Lleida","description":"Empresa d'aluminis i pvc de Lleida. Subministre i col\u00b7locaci\u00f3 de finestres i portes d'alumini i pvc a Lleida","robots":{"index":"index","follow":"follow","max-snippet":"max-snippet:-1","max-image-preview":"max-image-preview:large","max-video-preview":"max-video-preview:-1"},"canonical":"https:\/\/aluminismercade.com\/es\/producto\/ventanas-practicables-es\/cor-galicia-premium-aluminio-madera-rpt\/","og_locale":"es_ES","og_type":"article","og_title":"Carpinteria de Aluminio de Lleida","og_description":"Empresa d'aluminis i pvc de Lleida. Subministre i col\u00b7locaci\u00f3 de finestres i portes d'alumini i pvc a Lleida","og_url":"https:\/\/aluminismercade.com\/es\/producto\/ventanas-practicables-es\/cor-galicia-premium-aluminio-madera-rpt\/","og_site_name":"Aluminis Mercad\u00e9 - Lleida, Torrefarrera, tancaments, pvc, reparacions, mampares, persianes, mosquiteres, barenes, portes, enrollables, estores, toldo, sostres, etc.","article_modified_time":"2019-08-26T08:04:13+00:00","og_image":[{"width":768,"height":768,"url":"https:\/\/aluminismercade.com\/wp-content\/uploads\/2018\/01\/COR-GALICIA-orto.jpg","type":"image\/jpeg"}],"twitter_card":"summary","twitter_misc":{"Tiempo de lectura":"1 minuto"},"schema":{"@context":"https:\/\/schema.org","@graph":[{"@type":"WebSite","@id":"https:\/\/aluminismercade.com\/#website","url":"https:\/\/aluminismercade.com\/","name":"Aluminis Mercad\u00e9 - Lleida, Torrefarrera, tancaments, pvc, reparacions, mampares, persianes, mosquiteres, barenes, portes, enrollables, estores, toldo, sostres, etc.","description":"Lleida, Torrefarrera, tancaments, pvc, reparacions, mampares, persianes, mosquiteres, barenes, portes, enrollables, estores, toldo, sostres, etc.","potentialAction":[{"@type":"SearchAction","target":{"@type":"EntryPoint","urlTemplate":"https:\/\/aluminismercade.com\/?s={search_term_string}"},"query-input":"required name=search_term_string"}],"inLanguage":"es"},{"@type":"ImageObject","@id":"https:\/\/aluminismercade.com\/es\/producto\/ventanas-practicables-es\/cor-galicia-premium-aluminio-madera-rpt\/#primaryimage","inLanguage":"es","url":"https:\/\/aluminismercade.com\/wp-content\/uploads\/2018\/01\/COR-GALICIA-orto.jpg","contentUrl":"https:\/\/aluminismercade.com\/wp-content\/uploads\/2018\/01\/COR-GALICIA-orto.jpg","width":768,"height":768,"caption":"Aluminis Mercad\u00e9"},{"@type":"WebPage","@id":"https:\/\/aluminismercade.com\/es\/producto\/ventanas-practicables-es\/cor-galicia-premium-aluminio-madera-rpt\/#webpage","url":"https:\/\/aluminismercade.com\/es\/producto\/ventanas-practicables-es\/cor-galicia-premium-aluminio-madera-rpt\/","name":"Carpinteria de Aluminio de Lleida","isPartOf":{"@id":"https:\/\/aluminismercade.com\/#website"},"primaryImageOfPage":{"@id":"https:\/\/aluminismercade.com\/es\/producto\/ventanas-practicables-es\/cor-galicia-premium-aluminio-madera-rpt\/#primaryimage"},"datePublished":"2018-01-11T09:54:35+00:00","dateModified":"2019-08-26T08:04:13+00:00","description":"Empresa d'aluminis i pvc de Lleida. Subministre i col\u00b7locaci\u00f3 de finestres i portes d'alumini i pvc a Lleida","breadcrumb":{"@id":"https:\/\/aluminismercade.com\/es\/producto\/ventanas-practicables-es\/cor-galicia-premium-aluminio-madera-rpt\/#breadcrumb"},"inLanguage":"es","potentialAction":[{"@type":"ReadAction","target":["https:\/\/aluminismercade.com\/es\/producto\/ventanas-practicables-es\/cor-galicia-premium-aluminio-madera-rpt\/"]}]},{"@type":"BreadcrumbList","@id":"https:\/\/aluminismercade.com\/es\/producto\/ventanas-practicables-es\/cor-galicia-premium-aluminio-madera-rpt\/#breadcrumb","itemListElement":[{"@type":"ListItem","position":1,"name":"Portada","item":"https:\/\/aluminismercade.com\/es\/"},{"@type":"ListItem","position":2,"name":"Botiga","item":"https:\/\/aluminismercade.com\/botiga\/"},{"@type":"ListItem","position":3,"name":"COR &#8211; Galicia Premium Aluminio &#8211; Madera RPT"}]}]}},"_links":{"self":[{"href":"https:\/\/aluminismercade.com\/es\/wp-json\/wp\/v2\/product\/2369"}],"collection":[{"href":"https:\/\/aluminismercade.com\/es\/wp-json\/wp\/v2\/product"}],"about":[{"href":"https:\/\/aluminismercade.com\/es\/wp-json\/wp\/v2\/types\/product"}],"wp:featuredmedia":[{"embeddable":true,"href":"https:\/\/aluminismercade.com\/es\/wp-json\/wp\/v2\/media\/1996"}],"wp:attachment":[{"href":"https:\/\/aluminismercade.com\/es\/wp-json\/wp\/v2\/media?parent=2369"}],"curies":[{"name":"wp","href":"https:\/\/api.w.org\/{rel}","templated":true}]}}