{"id":2115,"date":"2017-09-14T13:33:25","date_gmt":"2017-09-14T11:33:25","guid":{"rendered":"https:\/\/aluminismercade.panelserver.org\/contacte\/"},"modified":"2019-01-28T10:11:54","modified_gmt":"2019-01-28T09:11:54","slug":"contacto","status":"publish","type":"page","link":"https:\/\/aluminismercade.com\/es\/contacto\/","title":{"rendered":"Pedir informaci\u00f3n"},"content":{"rendered":"<p>[vc_row type=\u00bbvc_default\u00bb full_width=\u00bbstretch_row\u00bb equal_height=\u00bbyes\u00bb margin_top=\u00bb75&#8243; margin_bottom=\u00bb-20&#8243; bg_type=\u00bbbg_color\u00bb css=\u00bb.vc_custom_1511949268786{margin-top: 8px !important;padding-top: 50px !important;padding-bottom: 50px !important;background-color: #ffffff !important;}\u00bb bg_color_value=\u00bb#f3f3f3&#8243;][vc_column css=\u00bb.vc_custom_1479032696835{padding-bottom: 40px !important;}\u00bb offset=\u00bbvc_col-lg-offset-1 vc_col-lg-10 vc_col-md-offset-0 vc_col-md-12 vc_col-sm-offset-0&#8243;][vc_row_inner equal_height=\u00bbyes\u00bb][vc_column_inner width=\u00bb1\/3&#8243; css=\u00bb.vc_custom_1479032888299{padding-bottom: 35px !important;}\u00bb]<div id=\"ultimate-heading-947069de2192acce0\" class=\"uvc-heading ult-adjust-bottom-margin ultimate-heading-947069de2192acce0 uvc-7711 color-title accent-icon-color\" data-hspacer=\"icon_only\"  data-halign=\"center\" style=\"text-align:center\"><div class=\"uvc-heading-spacer icon_only\" style=\"margin-bottom:20px;\"><div class=\"ult-just-icon-wrapper  \"><div class=\"align-icon\" style=\"text-align:center;\">\n<div class=\"aio-icon none \"  style=\"font-size:48px;display:inline-block;\">\n\t<i class=\"icomoon-font-awesome-14x14-map-o\"><\/i>\n<\/div><\/div><\/div><\/div><div class=\"uvc-main-heading ult-responsive\"  data-ultimate-target='.uvc-heading.ultimate-heading-947069de2192acce0 h2'  data-responsive-json-new='{\"font-size\":\"desktop:12px;\",\"line-height\":\"desktop:24px;\"}' ><h2 style=\"font-weight:bold;color:#bbbbbb;margin-bottom:4px;\">UBICACI\u00d3N<\/h2><\/div><div class=\"uvc-sub-heading ult-responsive\"  data-ultimate-target='.uvc-heading.ultimate-heading-947069de2192acce0 .uvc-sub-heading '  data-responsive-json-new='{\"font-size\":\"\",\"line-height\":\"\"}'  style=\"font-weight:bold;margin-bottom:0px;\">Cam\u00ed Les Comes, n\u00ba 27<br \/>\nPol. Ind. de Torrefarrera<br \/>\n25123 Lleida<\/div><\/div>[\/vc_column_inner][vc_column_inner width=\u00bb1\/3&#8243; css=\u00bb.vc_custom_1479032916919{padding-bottom: 35px !important;}\u00bb]<div id=\"ultimate-heading-273569de2192acd8b\" class=\"uvc-heading ult-adjust-bottom-margin ultimate-heading-273569de2192acd8b uvc-7541 color-title accent-icon-color\" data-hspacer=\"icon_only\"  data-halign=\"center\" style=\"text-align:center\"><div class=\"uvc-heading-spacer icon_only\" style=\"margin-bottom:20px;\"><div class=\"ult-just-icon-wrapper  \"><div class=\"align-icon\" style=\"text-align:center;\">\n<div class=\"aio-icon none \"  style=\"font-size:48px;display:inline-block;\">\n\t<i class=\"icomoon-font-awesome-14x14-phone\"><\/i>\n<\/div><\/div><\/div><\/div><div class=\"uvc-main-heading ult-responsive\"  data-ultimate-target='.uvc-heading.ultimate-heading-273569de2192acd8b h2'  data-responsive-json-new='{\"font-size\":\"desktop:12px;\",\"line-height\":\"desktop:24px;\"}' ><h2 style=\"font-weight:bold;color:#bbbbbb;margin-bottom:4px;\">TEL\u00c9FONOS<\/h2><\/div><div class=\"uvc-sub-heading ult-responsive\"  data-ultimate-target='.uvc-heading.ultimate-heading-273569de2192acd8b .uvc-sub-heading '  data-responsive-json-new='{\"font-size\":\"\",\"line-height\":\"\"}'  style=\"font-weight:bold;margin-bottom:0px;\">Tel. 973 750 770<br \/>\nFax. 973 751 009<\/div><\/div>[\/vc_column_inner][vc_column_inner width=\u00bb1\/3&#8243; css=\u00bb.vc_custom_1479032922138{padding-bottom: 35px !important;}\u00bb]<div id=\"ultimate-heading-363469de2192ace25\" class=\"uvc-heading ult-adjust-bottom-margin ultimate-heading-363469de2192ace25 uvc-4861 color-title accent-icon-color\" data-hspacer=\"icon_only\"  data-halign=\"center\" style=\"text-align:center\"><div class=\"uvc-heading-spacer icon_only\" style=\"margin-bottom:20px;\"><div class=\"ult-just-icon-wrapper  \"><div class=\"align-icon\" style=\"text-align:center;\">\n<div class=\"aio-icon none \"  style=\"font-size:48px;display:inline-block;\">\n\t<i class=\"icomoon-font-awesome-14x14-envelope-o\"><\/i>\n<\/div><\/div><\/div><\/div><div class=\"uvc-main-heading ult-responsive\"  data-ultimate-target='.uvc-heading.ultimate-heading-363469de2192ace25 h2'  data-responsive-json-new='{\"font-size\":\"desktop:12px;\",\"line-height\":\"desktop:24px;\"}' ><h2 style=\"font-weight:bold;color:#bbbbbb;margin-bottom:4px;\">EMAIL<\/h2><\/div><div class=\"uvc-sub-heading ult-responsive\"  data-ultimate-target='.uvc-heading.ultimate-heading-363469de2192ace25 .uvc-sub-heading '  data-responsive-json-new='{\"font-size\":\"\",\"line-height\":\"\"}'  style=\"font-weight:bold;margin-bottom:0px;\"><a href=\"mailto:administracio@aluminismercade.com\">administracio@aluminismercade.com<\/a><\/div><\/div>[\/vc_column_inner][\/vc_row_inner][\/vc_column][\/vc_row][vc_row type=\u00bbvc_default\u00bb css=\u00bb.vc_custom_1511949236725{padding-top: 50px !important;padding-bottom: 50px !important;background-color: #ffffff !important;}\u00bb][vc_column width=\u00bb1\/6&#8243;][\/vc_column][vc_column width=\u00bb2\/3&#8243;]<div id=\"ultimate-heading-302969de2192ace5c\" class=\"uvc-heading ult-adjust-bottom-margin ultimate-heading-302969de2192ace5c uvc-8878 \" data-hspacer=\"no_spacer\"  data-halign=\"center\" style=\"text-align:center\"><div class=\"uvc-heading-spacer no_spacer\" style=\"top\"><\/div><div class=\"uvc-main-heading ult-responsive\"  data-ultimate-target='.uvc-heading.ultimate-heading-302969de2192ace5c h2'  data-responsive-json-new='{\"font-size\":\"desktop:24px;\",\"line-height\":\"desktop:34px;\"}' ><h2 style=\"font-weight:bold;margin-bottom:25px;\">Contacte con nosotros o pida presupuesto ...<\/h2><\/div><\/div>[vc_column_text css=\u00bb.vc_custom_1516187230045{padding-bottom: 40px !important;}\u00bb]<\/p>\n<p style=\"text-align: center;\"><span class=\"notranslate\">Indique sus datos de contacto y detalle con el m\u00e1ximo de detalle posible su consulta.<\/span><br \/>\n<span class=\"notranslate\">Un responsable de nuestro departamento comercial se pondr\u00e1 en contacto.<\/span><\/p>\n<p>[\/vc_column_text]<div role=\"form\" class=\"wpcf7\" id=\"wpcf7-f2711-o1\" lang=\"es-ES\" dir=\"ltr\">\n<div class=\"screen-reader-response\"><p role=\"status\" aria-live=\"polite\" aria-atomic=\"true\"><\/p> <ul><\/ul><\/div>\n<form action=\"\/es\/wp-json\/wp\/v2\/pages\/2115#wpcf7-f2711-o1\" method=\"post\" class=\"wpcf7-form init\" novalidate=\"novalidate\" data-status=\"init\">\n<div style=\"display: none;\">\n<input type=\"hidden\" name=\"_wpcf7\" value=\"2711\" \/>\n<input type=\"hidden\" name=\"_wpcf7_version\" value=\"5.5.6\" \/>\n<input type=\"hidden\" name=\"_wpcf7_locale\" value=\"es_ES\" \/>\n<input type=\"hidden\" name=\"_wpcf7_unit_tag\" value=\"wpcf7-f2711-o1\" \/>\n<input type=\"hidden\" name=\"_wpcf7_container_post\" value=\"0\" \/>\n<input type=\"hidden\" name=\"_wpcf7_posted_data_hash\" value=\"\" \/>\n<input type=\"hidden\" name=\"_wpcf7_recaptcha_response\" value=\"\" \/>\n<\/div>\n<p><label><span class=\"wpcf7-form-control-wrap your-name\"><input type=\"text\" name=\"your-name\" value=\"\" size=\"40\" class=\"wpcf7-form-control wpcf7-text wpcf7-validates-as-required\" aria-required=\"true\" aria-invalid=\"false\" placeholder=\"Nombre*\" \/><\/span> <\/label><\/p>\n<p><label><span class=\"wpcf7-form-control-wrap your-email\"><input type=\"email\" name=\"your-email\" value=\"\" size=\"40\" class=\"wpcf7-form-control wpcf7-text wpcf7-email wpcf7-validates-as-required wpcf7-validates-as-email\" aria-required=\"true\" aria-invalid=\"false\" placeholder=\"E-mail*\" \/><\/span> <\/label><\/p>\n<p><label><span class=\"wpcf7-form-control-wrap tel-293\"><input type=\"tel\" name=\"tel-293\" value=\"\" size=\"40\" class=\"wpcf7-form-control wpcf7-text wpcf7-tel wpcf7-validates-as-required wpcf7-validates-as-tel\" aria-required=\"true\" aria-invalid=\"false\" placeholder=\"Tel\u00e9fono*\" \/><\/span><\/label><\/p>\n<p><label><span class=\"wpcf7-form-control-wrap your-city\"><input type=\"text\" name=\"your-city\" value=\"\" size=\"40\" class=\"wpcf7-form-control wpcf7-text wpcf7-validates-as-required\" aria-required=\"true\" aria-invalid=\"false\" placeholder=\"Ciudad*\" \/><\/span> <\/label><\/p>\n<p><label><span class=\"wpcf7-form-control-wrap your-company\"><input type=\"text\" name=\"your-company\" value=\"\" size=\"40\" class=\"wpcf7-form-control wpcf7-text\" aria-invalid=\"false\" placeholder=\"Empresa\" \/><\/span> <\/label><\/p>\n<p><label><span class=\"wpcf7-form-control-wrap your-subject\"><input type=\"text\" name=\"your-subject\" value=\"\" size=\"40\" class=\"wpcf7-form-control wpcf7-text wpcf7-validates-as-required\" aria-required=\"true\" aria-invalid=\"false\" placeholder=\"Asunto*\" \/><\/span> <\/label><\/p>\n<p><label><span class=\"wpcf7-form-control-wrap your-message\"><textarea name=\"your-message\" cols=\"40\" rows=\"10\" class=\"wpcf7-form-control wpcf7-textarea\" aria-invalid=\"false\" placeholder=\"Mensaje\"><\/textarea><\/span> <\/label><\/p>\n<div><span class=\"wpcf7-form-control-wrap rgpd-accepto\"><span class=\"wpcf7-form-control wpcf7-acceptance\"><span class=\"wpcf7-list-item\"><input type=\"checkbox\" name=\"rgpd-accepto\" value=\"1\" aria-invalid=\"false\" \/><\/span><\/span><\/span> He le\u00eddo y acepto la <a href=\"\/politica-de-privacitat\" target=\"_blank\"> pol\u00edtica de privacidad <\/a> <\/div>\n<div style=\"font-size:12px; line-height:13px; text-align:justify; padding-bottom:10px;\">\nTratamos la informaci\u00f3n que nos facilita con el fin de enviarle publicidad relacionada con nuestros productos y servicios por cualquier medio (postal, email o tel\u00e9fono) e invitarle a eventos organizados por la empresa. Los datos proporcionados se conservar\u00e1n mientras no solicite el cese de la actividad. Los datos no se ceder\u00e1n a terceros salvo en los casos en que exista una obligaci\u00f3n legal. Usted tiene derecho a obtener confirmaci\u00f3n sobre si en Mercad\u00e9 Serralleria d\u2019Alumini SL estamos tratando sus datos personales por tanto tiene derecho a acceder a sus datos personales, rectificar los datos inexactos o solicitar su supresi\u00f3n cuando los datos ya no sean necesarios para los fines que fueron recogidos.<\/div>\n<p><input type=\"submit\" value=\"ENVIAR\" class=\"wpcf7-form-control has-spinner wpcf7-submit\" \/><\/p>\n<p style=\"display: none !important;\"><label>&#916;<textarea name=\"_wpcf7_ak_hp_textarea\" cols=\"45\" rows=\"8\" maxlength=\"100\"><\/textarea><\/label><input type=\"hidden\" id=\"ak_js_1\" name=\"_wpcf7_ak_js\" value=\"87\"\/><script>document.getElementById( \"ak_js_1\" ).setAttribute( \"value\", ( new Date() ).getTime() );<\/script><\/p><div class=\"wpcf7-response-output\" aria-hidden=\"true\"><\/div><\/form><\/div>[\/vc_column][vc_column width=\u00bb1\/6&#8243;][\/vc_column][\/vc_row][vc_row type=\u00bbvc_default\u00bb full_width=\u00bbstretch_row_content_no_spaces\u00bb css=\u00bb.vc_custom_1513150076903{margin: 0px !important;border-width: 0px !important;padding: 0px !important;}\u00bb][vc_column][vc_gmaps link=\u00bb#E-8_JTNDaWZyYW1lJTIwc3JjJTNEJTIyaHR0cHMlM0ElMkYlMkZ3d3cuZ29vZ2xlLmNvbSUyRm1hcHMlMkZlbWJlZCUzRnBiJTNEJTIxMW0xOCUyMTFtMTIlMjExbTMlMjExZDI5ODAuNTMyNzIzNzEyMjg4OCUyMTJkMC41OTkzMTA5NTA4NjUwNzI5JTIxM2Q0MS42NjU4MzY5NzkxMzc3MSUyMTJtMyUyMTFmMCUyMTJmMCUyMTNmMCUyMTNtMiUyMTFpMTAyNCUyMTJpNzY4JTIxNGYxMy4xJTIxM20zJTIxMW0yJTIxMXMweDEyYTcxZTFkODFkNDBhNGQlMjUzQTB4YWM5NTYyOGVjMjZlY2M2NyUyMTJzQUxVTUlOSVMlMkJNRVJDQURFJTIxNWUwJTIxM20yJTIxMXNlcyUyMTJzZXMlMjE0djE1MTMxNDk5NDcxMjMlMjIlMjB3aWR0aCUzRCUyMjEwMCUyNSUyMiUyMGhlaWdodCUzRCUyMjU1MCUyMiUyMGZyYW1lYm9yZGVyJTNEJTIyMCUyMiUyMHN0eWxlJTNEJTIyYm9yZGVyJTNBMCUyMiUyMGFsbG93ZnVsbHNjcmVlbiUzRSUzQyUyRmlmcmFtZSUzRQ==\u00bb size=\u00bb550&#8243; css=\u00bb.vc_custom_1513150043651{margin-top: 0px !important;margin-right: 0px !important;margin-bottom: 0px !important;margin-left: 0px !important;border-top-width: 0px !important;border-right-width: 0px !important;border-bottom-width: 0px !important;border-left-width: 0px !important;padding-top: 0px !important;padding-right: 0px !important;padding-bottom: 0px !important;padding-left: 0px !important;}\u00bb][\/vc_column][\/vc_row]<\/p>\n","protected":false},"excerpt":{"rendered":"<p>[vc_row type=\u00bbvc_default\u00bb full_width=\u00bbstretch_row\u00bb equal_height=\u00bbyes\u00bb margin_top=\u00bb75&#8243; margin_bottom=\u00bb-20&#8243; bg_type=\u00bbbg_color\u00bb css=\u00bb.vc_custom_1511949268786{margin-top: 8px !important;padding-top: 50px !important;padding-bottom: 50px !important;background-color: #ffffff !important;}\u00bb bg_color_value=\u00bb#f3f3f3&#8243;][vc_column css=\u00bb.vc_custom_1479032696835{padding-bottom: 40px !important;}\u00bb offset=\u00bbvc_col-lg-offset-1 vc_col-lg-10 vc_col-md-offset-0 vc_col-md-12 vc_col-sm-offset-0&#8243;][vc_row_inner equal_height=\u00bbyes\u00bb][vc_column_inner width=\u00bb1\/3&#8243; css=\u00bb.vc_custom_1479032888299{padding-bottom: 35px !important;}\u00bb][\/vc_column_inner][vc_column_inner width=\u00bb1\/3&#8243; css=\u00bb.vc_custom_1479032916919{padding-bottom: 35px !important;}\u00bb][\/vc_column_inner][vc_column_inner width=\u00bb1\/3&#8243; css=\u00bb.vc_custom_1479032922138{padding-bottom: 35px !important;}\u00bb][\/vc_column_inner][\/vc_row_inner][\/vc_column][\/vc_row][vc_row type=\u00bbvc_default\u00bb css=\u00bb.vc_custom_1511949236725{padding-top: 50px !important;padding-bottom: 50px !important;background-color: #ffffff !important;}\u00bb][vc_column width=\u00bb1\/6&#8243;][\/vc_column][vc_column width=\u00bb2\/3&#8243;][vc_column_text css=\u00bb.vc_custom_1516187230045{padding-bottom: 40px !important;}\u00bb] Indique sus datos de&hellip;<\/p>\n","protected":false},"author":1,"featured_media":0,"parent":0,"menu_order":50,"comment_status":"closed","ping_status":"closed","template":"","meta":[],"yoast_head":"<!-- This site is optimized with the Yoast SEO plugin v18.3 - https:\/\/yoast.com\/wordpress\/plugins\/seo\/ -->\n<title>Pedir informaci\u00f3n - Aluminis Mercad\u00e9 - Lleida, Torrefarrera, tancaments, pvc, reparacions, mampares, persianes, mosquiteres, barenes, portes, enrollables, estores, toldo, sostres, etc.<\/title>\n<meta name=\"robots\" content=\"index, follow, max-snippet:-1, max-image-preview:large, max-video-preview:-1\" \/>\n<link rel=\"canonical\" href=\"https:\/\/aluminismercade.com\/es\/contacto\/\" \/>\n<meta property=\"og:locale\" content=\"es_ES\" \/>\n<meta property=\"og:type\" content=\"article\" \/>\n<meta property=\"og:title\" content=\"Pedir informaci\u00f3n - Aluminis Mercad\u00e9 - Lleida, Torrefarrera, tancaments, pvc, reparacions, mampares, persianes, mosquiteres, barenes, portes, enrollables, estores, toldo, sostres, etc.\" \/>\n<meta property=\"og:description\" content=\"[vc_row type=\u00bbvc_default\u00bb full_width=\u00bbstretch_row\u00bb equal_height=\u00bbyes\u00bb margin_top=\u00bb75&#8243; margin_bottom=\u00bb-20&#8243; bg_type=\u00bbbg_color\u00bb css=\u00bb.vc_custom_1511949268786{margin-top: 8px !important;padding-top: 50px !important;padding-bottom: 50px !important;background-color: #ffffff !important;}\u00bb bg_color_value=\u00bb#f3f3f3&#8243;][vc_column css=\u00bb.vc_custom_1479032696835{padding-bottom: 40px !important;}\u00bb offset=\u00bbvc_col-lg-offset-1 vc_col-lg-10 vc_col-md-offset-0 vc_col-md-12 vc_col-sm-offset-0&#8243;][vc_row_inner equal_height=\u00bbyes\u00bb][vc_column_inner width=\u00bb1\/3&#8243; css=\u00bb.vc_custom_1479032888299{padding-bottom: 35px !important;}\u00bb][\/vc_column_inner][vc_column_inner width=\u00bb1\/3&#8243; css=\u00bb.vc_custom_1479032916919{padding-bottom: 35px !important;}\u00bb][\/vc_column_inner][vc_column_inner width=\u00bb1\/3&#8243; css=\u00bb.vc_custom_1479032922138{padding-bottom: 35px !important;}\u00bb][\/vc_column_inner][\/vc_row_inner][\/vc_column][\/vc_row][vc_row type=\u00bbvc_default\u00bb css=\u00bb.vc_custom_1511949236725{padding-top: 50px !important;padding-bottom: 50px !important;background-color: #ffffff !important;}\u00bb][vc_column width=\u00bb1\/6&#8243;][\/vc_column][vc_column width=\u00bb2\/3&#8243;][vc_column_text css=\u00bb.vc_custom_1516187230045{padding-bottom: 40px !important;}\u00bb] Indique sus datos de&hellip;\" \/>\n<meta property=\"og:url\" content=\"https:\/\/aluminismercade.com\/es\/contacto\/\" \/>\n<meta property=\"og:site_name\" content=\"Aluminis Mercad\u00e9 - Lleida, Torrefarrera, tancaments, pvc, reparacions, mampares, persianes, mosquiteres, barenes, portes, enrollables, estores, toldo, sostres, etc.\" \/>\n<meta property=\"article:modified_time\" content=\"2019-01-28T09:11:54+00:00\" \/>\n<meta name=\"twitter:card\" content=\"summary\" \/>\n<meta name=\"twitter:label1\" content=\"Tiempo de lectura\" \/>\n\t<meta name=\"twitter:data1\" content=\"3 minutos\" \/>\n<script type=\"application\/ld+json\" class=\"yoast-schema-graph\">{\"@context\":\"https:\/\/schema.org\",\"@graph\":[{\"@type\":\"WebSite\",\"@id\":\"https:\/\/aluminismercade.com\/#website\",\"url\":\"https:\/\/aluminismercade.com\/\",\"name\":\"Aluminis Mercad\u00e9 - Lleida, Torrefarrera, tancaments, pvc, reparacions, mampares, persianes, mosquiteres, barenes, portes, enrollables, estores, toldo, sostres, etc.\",\"description\":\"Lleida, Torrefarrera, tancaments, pvc, reparacions, mampares, persianes, mosquiteres, barenes, portes, enrollables, estores, toldo, sostres, etc.\",\"potentialAction\":[{\"@type\":\"SearchAction\",\"target\":{\"@type\":\"EntryPoint\",\"urlTemplate\":\"https:\/\/aluminismercade.com\/?s={search_term_string}\"},\"query-input\":\"required name=search_term_string\"}],\"inLanguage\":\"es\"},{\"@type\":\"WebPage\",\"@id\":\"https:\/\/aluminismercade.com\/es\/contacto\/#webpage\",\"url\":\"https:\/\/aluminismercade.com\/es\/contacto\/\",\"name\":\"Pedir informaci\u00f3n - Aluminis Mercad\u00e9 - Lleida, Torrefarrera, tancaments, pvc, reparacions, mampares, persianes, mosquiteres, barenes, portes, enrollables, estores, toldo, sostres, etc.\",\"isPartOf\":{\"@id\":\"https:\/\/aluminismercade.com\/#website\"},\"datePublished\":\"2017-09-14T11:33:25+00:00\",\"dateModified\":\"2019-01-28T09:11:54+00:00\",\"breadcrumb\":{\"@id\":\"https:\/\/aluminismercade.com\/es\/contacto\/#breadcrumb\"},\"inLanguage\":\"es\",\"potentialAction\":[{\"@type\":\"ReadAction\",\"target\":[\"https:\/\/aluminismercade.com\/es\/contacto\/\"]}]},{\"@type\":\"BreadcrumbList\",\"@id\":\"https:\/\/aluminismercade.com\/es\/contacto\/#breadcrumb\",\"itemListElement\":[{\"@type\":\"ListItem\",\"position\":1,\"name\":\"Portada\",\"item\":\"https:\/\/aluminismercade.com\/es\/\"},{\"@type\":\"ListItem\",\"position\":2,\"name\":\"Pedir informaci\u00f3n\"}]}]}<\/script>\n<!-- \/ Yoast SEO plugin. -->","yoast_head_json":{"title":"Pedir informaci\u00f3n - Aluminis Mercad\u00e9 - Lleida, Torrefarrera, tancaments, pvc, reparacions, mampares, persianes, mosquiteres, barenes, portes, enrollables, estores, toldo, sostres, etc.","robots":{"index":"index","follow":"follow","max-snippet":"max-snippet:-1","max-image-preview":"max-image-preview:large","max-video-preview":"max-video-preview:-1"},"canonical":"https:\/\/aluminismercade.com\/es\/contacto\/","og_locale":"es_ES","og_type":"article","og_title":"Pedir informaci\u00f3n - Aluminis Mercad\u00e9 - Lleida, Torrefarrera, tancaments, pvc, reparacions, mampares, persianes, mosquiteres, barenes, portes, enrollables, estores, toldo, sostres, etc.","og_description":"[vc_row type=\u00bbvc_default\u00bb full_width=\u00bbstretch_row\u00bb equal_height=\u00bbyes\u00bb margin_top=\u00bb75&#8243; margin_bottom=\u00bb-20&#8243; bg_type=\u00bbbg_color\u00bb css=\u00bb.vc_custom_1511949268786{margin-top: 8px !important;padding-top: 50px !important;padding-bottom: 50px !important;background-color: #ffffff !important;}\u00bb bg_color_value=\u00bb#f3f3f3&#8243;][vc_column css=\u00bb.vc_custom_1479032696835{padding-bottom: 40px !important;}\u00bb offset=\u00bbvc_col-lg-offset-1 vc_col-lg-10 vc_col-md-offset-0 vc_col-md-12 vc_col-sm-offset-0&#8243;][vc_row_inner equal_height=\u00bbyes\u00bb][vc_column_inner width=\u00bb1\/3&#8243; css=\u00bb.vc_custom_1479032888299{padding-bottom: 35px !important;}\u00bb][\/vc_column_inner][vc_column_inner width=\u00bb1\/3&#8243; css=\u00bb.vc_custom_1479032916919{padding-bottom: 35px !important;}\u00bb][\/vc_column_inner][vc_column_inner width=\u00bb1\/3&#8243; css=\u00bb.vc_custom_1479032922138{padding-bottom: 35px !important;}\u00bb][\/vc_column_inner][\/vc_row_inner][\/vc_column][\/vc_row][vc_row type=\u00bbvc_default\u00bb css=\u00bb.vc_custom_1511949236725{padding-top: 50px !important;padding-bottom: 50px !important;background-color: #ffffff !important;}\u00bb][vc_column width=\u00bb1\/6&#8243;][\/vc_column][vc_column width=\u00bb2\/3&#8243;][vc_column_text css=\u00bb.vc_custom_1516187230045{padding-bottom: 40px !important;}\u00bb] Indique sus datos de&hellip;","og_url":"https:\/\/aluminismercade.com\/es\/contacto\/","og_site_name":"Aluminis Mercad\u00e9 - Lleida, Torrefarrera, tancaments, pvc, reparacions, mampares, persianes, mosquiteres, barenes, portes, enrollables, estores, toldo, sostres, etc.","article_modified_time":"2019-01-28T09:11:54+00:00","twitter_card":"summary","twitter_misc":{"Tiempo de lectura":"3 minutos"},"schema":{"@context":"https:\/\/schema.org","@graph":[{"@type":"WebSite","@id":"https:\/\/aluminismercade.com\/#website","url":"https:\/\/aluminismercade.com\/","name":"Aluminis Mercad\u00e9 - Lleida, Torrefarrera, tancaments, pvc, reparacions, mampares, persianes, mosquiteres, barenes, portes, enrollables, estores, toldo, sostres, etc.","description":"Lleida, Torrefarrera, tancaments, pvc, reparacions, mampares, persianes, mosquiteres, barenes, portes, enrollables, estores, toldo, sostres, etc.","potentialAction":[{"@type":"SearchAction","target":{"@type":"EntryPoint","urlTemplate":"https:\/\/aluminismercade.com\/?s={search_term_string}"},"query-input":"required name=search_term_string"}],"inLanguage":"es"},{"@type":"WebPage","@id":"https:\/\/aluminismercade.com\/es\/contacto\/#webpage","url":"https:\/\/aluminismercade.com\/es\/contacto\/","name":"Pedir informaci\u00f3n - Aluminis Mercad\u00e9 - Lleida, Torrefarrera, tancaments, pvc, reparacions, mampares, persianes, mosquiteres, barenes, portes, enrollables, estores, toldo, sostres, etc.","isPartOf":{"@id":"https:\/\/aluminismercade.com\/#website"},"datePublished":"2017-09-14T11:33:25+00:00","dateModified":"2019-01-28T09:11:54+00:00","breadcrumb":{"@id":"https:\/\/aluminismercade.com\/es\/contacto\/#breadcrumb"},"inLanguage":"es","potentialAction":[{"@type":"ReadAction","target":["https:\/\/aluminismercade.com\/es\/contacto\/"]}]},{"@type":"BreadcrumbList","@id":"https:\/\/aluminismercade.com\/es\/contacto\/#breadcrumb","itemListElement":[{"@type":"ListItem","position":1,"name":"Portada","item":"https:\/\/aluminismercade.com\/es\/"},{"@type":"ListItem","position":2,"name":"Pedir informaci\u00f3n"}]}]}},"_links":{"self":[{"href":"https:\/\/aluminismercade.com\/es\/wp-json\/wp\/v2\/pages\/2115"}],"collection":[{"href":"https:\/\/aluminismercade.com\/es\/wp-json\/wp\/v2\/pages"}],"about":[{"href":"https:\/\/aluminismercade.com\/es\/wp-json\/wp\/v2\/types\/page"}],"author":[{"embeddable":true,"href":"https:\/\/aluminismercade.com\/es\/wp-json\/wp\/v2\/users\/1"}],"replies":[{"embeddable":true,"href":"https:\/\/aluminismercade.com\/es\/wp-json\/wp\/v2\/comments?post=2115"}],"version-history":[{"count":5,"href":"https:\/\/aluminismercade.com\/es\/wp-json\/wp\/v2\/pages\/2115\/revisions"}],"predecessor-version":[{"id":2712,"href":"https:\/\/aluminismercade.com\/es\/wp-json\/wp\/v2\/pages\/2115\/revisions\/2712"}],"wp:attachment":[{"href":"https:\/\/aluminismercade.com\/es\/wp-json\/wp\/v2\/media?parent=2115"}],"curies":[{"name":"wp","href":"https:\/\/api.w.org\/{rel}","templated":true}]}}