{"id":2113,"date":"2017-11-29T11:40:50","date_gmt":"2017-11-29T10:40:50","guid":{"rendered":"https:\/\/aluminismercade.panelserver.org\/empresa-i-serveis\/"},"modified":"2024-07-16T09:52:19","modified_gmt":"2024-07-16T07:52:19","slug":"empresa-y-servicios","status":"publish","type":"page","link":"https:\/\/aluminismercade.com\/es\/empresa-y-servicios\/","title":{"rendered":"Empresa y servicios"},"content":{"rendered":"<p>[vc_row type=\u00bbvc_default\u00bb content_placement=\u00bbtop\u00bb el_id=\u00bbabout\u00bb css=\u00bb.vc_custom_1501059079815{padding-top: 90px !important;padding-bottom: 50px !important;}\u00bb][vc_column css=\u00bb.vc_custom_1501163010954{padding-bottom: 50px !important;}\u00bb offset=\u00bbvc_col-lg-6 vc_col-md-8&#8243;]<div id=\"ultimate-heading-129069e105ecb741e\" class=\"uvc-heading ult-adjust-bottom-margin ultimate-heading-129069e105ecb741e uvc-6315 \" data-hspacer=\"line_only\"  data-halign=\"left\" style=\"text-align:left\"><div class=\"uvc-main-heading ult-responsive\"  data-ultimate-target='.uvc-heading.ultimate-heading-129069e105ecb741e h2'  data-responsive-json-new='{\"font-size\":\"desktop:34px;mobile:28px;\",\"line-height\":\"desktop:44px;mobile:38px;\"}' ><h2 style=\"font-weight:bold;margin-bottom:5px;\">ALUMINIS MERCADE<\/h2><\/div><div class=\"uvc-sub-heading ult-responsive\"  data-ultimate-target='.uvc-heading.ultimate-heading-129069e105ecb741e .uvc-sub-heading '  data-responsive-json-new='{\"font-size\":\"\",\"line-height\":\"\"}'  style=\"font-weight:normal;font-style:normal;\"><\/p>\n<h1>Empresa l\u00edder en cerramientos de aluminio en Lleida<\/h1>\n<p><\/div><div class=\"uvc-heading-spacer line_only\" style=\"margin-bottom:50px;height:2px;\"><span class=\"uvc-headings-line\" style=\"border-style:solid;border-bottom-width:2px;border-color:#226ab6;width:60px;\"><\/span><\/div><\/div>[vc_column_text css=\u00bb.vc_custom_1721116334172{margin-bottom: 30px !important;}\u00bb]<strong>ALUMINIS MERCADE, S.L.<\/strong> naci\u00f3 hace m\u00e1s de 30 a\u00f1os con el objetivo de dar el mejor producto y servicio a todos sus clientes, aportando las mejores soluciones a cada proyecto y novedades. Como fabricantes e instaladores oficiales de la gran marca <strong>CORTIZO<\/strong>, ofrecemos: ventanas, galer\u00edas, puertas de entrada i mallorquinas y barandillas.\u00a0 Tambi\u00e9n, persianas de aluminio, mosquiteras y <strong>TOLDOS PERSAX.<\/strong>\u00a0 Mamparas de ducha y ba\u00f1era <strong>DOCCIA<\/strong> y automatizaci\u00f3n de persianas con motores <strong>GEIGER<\/strong> (Made in Germany).<\/p>\n<p><span class=\"notranslate\">Nuestro taller situado en\u00a0el <a href=\"https:\/\/aluminismercade.com\/es\/contacto\/\">Pol\u00edgono Industrial de Torrefarrera<\/a>, donde tenemos exposici\u00f3n.<\/span><\/p>\n<p>Estamos continuamente trabajando e innovando para estar a la altura d elo que se nos pide. <span class=\"notranslate\">Trabajamos con materiales de alta calidad, con garant\u00eda y su correspondiente marcado CE.<\/span><\/p>\n<p><span class=\"notranslate\">Nuestro equipo de profesionales, cuenta con a\u00f1os de experiencia en el sector de fabricaci\u00f3n e instalaci\u00f3n de todo tipo de cierres, garantizando un servicio fiable y de calidad.<\/span>[\/vc_column_text]<style type=\"text\/css\" data-type=\"the7_shortcodes-inline-css\">#default-btn-10dc1070a2410464ffa640fe5dc7b93b.ico-right-side > i {\n  margin-right: 0px;\n  margin-left: 8px;\n}\n#default-btn-10dc1070a2410464ffa640fe5dc7b93b > i {\n  margin-right: 8px;\n}\n<\/style><a href=\"https:\/\/aluminismercade.com\/es\/contacto\/\" class=\"default-btn-shortcode dt-btn dt-btn-m link-hover-off anchor-link btn-inline-left  vc_custom_1591610564812\" id=\"default-btn-10dc1070a2410464ffa640fe5dc7b93b\"><span>CONTACTAR CON NOSOTROS<\/span><\/a>[\/vc_column][vc_column width=\u00bb2\/3&#8243; offset=\u00bbvc_col-lg-offset-0 vc_col-lg-6 vc_col-md-offset-0 vc_col-md-4 vc_col-sm-offset-2 vc_col-xs-offset-2 vc_col-xs-8&#8243;]<style type=\"text\/css\" data-type=\"the7_shortcodes-inline-css\">.shortcode-single-image-wrap.shortcode-single-image-20d812676f5de23fffdb888901646b68.enable-bg-rollover .rollover i,\n.shortcode-single-image-wrap.shortcode-single-image-20d812676f5de23fffdb888901646b68.enable-bg-rollover .rollover-video i {\n  background: -webkit-linear-gradient();\n  background: linear-gradient();\n}\n.shortcode-single-image-wrap.shortcode-single-image-20d812676f5de23fffdb888901646b68 .rollover-icon {\n  font-size: 32px;\n  color: #ffffff;\n  min-width: 44px;\n  min-height: 44px;\n  line-height: 44px;\n  border-radius: 100px;\n  border-style: solid;\n  border-width: 0px;\n}\n.dt-icon-bg-on.shortcode-single-image-wrap.shortcode-single-image-20d812676f5de23fffdb888901646b68 .rollover-icon {\n  background: rgba(255,255,255,0.3);\n  box-shadow: none;\n}\n<\/style><div class=\"shortcode-single-image-wrap shortcode-single-image-20d812676f5de23fffdb888901646b68 alignnone  vc_custom_1548867584069 enable-bg-rollover dt-icon-bg-off\" ><div class=\"shortcode-single-image\"><div class=\"fancy-media-wrap  layzr-bg\" style=\"\"><img class=\"preload-me lazy-load\" src=\"data:image\/svg+xml,%3Csvg%20xmlns%3D&#39;http%3A%2F%2Fwww.w3.org%2F2000%2Fsvg&#39;%20viewBox%3D&#39;0%200%201151%20768&#39;%2F%3E\" data-src=\"https:\/\/aluminismercade.com\/wp-content\/uploads\/2019\/01\/bigstock-205515481.jpg\" data-srcset=\"https:\/\/aluminismercade.com\/wp-content\/uploads\/2019\/01\/bigstock-205515481.jpg 1151w\" width=\"1151\" height=\"768\"  data-dt-location=\"https:\/\/aluminismercade.com\/es\/bigstock-205515481-2-2\/\" style=\"\" alt=\"Aluminis Mercad\u00e9\" \/><\/div><\/div><\/div>[\/vc_column][\/vc_row][vc_row type=\u00bbvc_default\u00bb full_width=\u00bbstretch_row\u00bb equal_height=\u00bbyes\u00bb content_placement=\u00bbmiddle\u00bb bg_type=\u00bbimage\u00bb parallax_style=\u00bbvcpb-default\u00bb bg_image_new=\u00bbid^1822|url^http:\/\/aluminismercade.com\/wp-content\/uploads\/2018\/01\/bigstock-modern-building-corridor-with-197864299.jpg|caption^modern building corridor with glass windows,blue toned,china.|alt^null|title^modern building corridor with glass windows,blue toned,china.|description^null\u00bb bg_image_repeat=\u00bbno-repeat\u00bb bg_img_attach=\u00bbfixed\u00bb bg_override=\u00bbex-full\u00bb enable_overlay=\u00bbenable_overlay_value\u00bb overlay_color=\u00bbrgba(0,0,0,0.5)\u00bb overlay_pattern=\u00bbtransperant\u00bb overlay_pattern_opacity=\u00bb50&#8243; overlay_pattern_attachment=\u00bbfixed\u00bb css=\u00bb.vc_custom_1516008026121{padding-top: 90px !important;padding-bottom: 90px !important;}\u00bb el_id=\u00bbbenefits\u00bb][vc_column offset=\u00bbvc_col-lg-offset-0 vc_col-lg-12 vc_col-md-offset-0 vc_col-md-12 vc_col-sm-offset-0 vc_col-xs-12&#8243; css=\u00bb.vc_custom_1499347634300{padding-bottom: 20px !important;}\u00bb]<div id=\"ultimate-heading-301669e105ecb82df\" class=\"uvc-heading ult-adjust-bottom-margin ultimate-heading-301669e105ecb82df uvc-7175 \" data-hspacer=\"line_with_icon\" data-hline_width=\"120\" data-hicon_type=\"selector\" data-hborder_style=\"solid\" data-hborder_height=\"2\" data-hborder_color=\"#0075be\" data-icon_width=\"16\" data-hfixer=\"10\"  data-halign=\"center\" style=\"text-align:center\"><div class=\"uvc-main-heading ult-responsive\"  data-ultimate-target='.uvc-heading.ultimate-heading-301669e105ecb82df h2'  data-responsive-json-new='{\"font-size\":\"desktop:34px;mobile:28px;\",\"line-height\":\"desktop:44px;mobile:38px;\"}' ><h2 style=\"font-weight:bold;color:#ffffff;margin-bottom:5px;\">ALUMINIS MERCADE<\/h2><\/div><div class=\"uvc-heading-spacer line_with_icon\" style=\"margin-bottom:70px;height:16px;\"><div class=\"ult-just-icon-wrapper  \"><div class=\"align-icon\" style=\"text-align:center;\">\n<div class=\"aio-icon none \"  style=\"color:#0075be;font-size:16px;display:inline-block;\">\n\t<i class=\"Defaults-wrench\"><\/i>\n<\/div><\/div><\/div><\/div><\/div>[vc_row_inner equal_height=\u00bbyes\u00bb gap=\u00bb20&#8243; css=\u00bb.vc_custom_1499850516346{margin-top: -10px !important;margin-bottom: -10px !important;padding-right: 25px !important;padding-left: 25px !important;}\u00bb][vc_column_inner width=\u00bb1\/3&#8243; css=\u00bb.vc_custom_1513241427840{border-top-width: 2px !important;border-right-width: 2px !important;border-bottom-width: 2px !important;border-left-width: 2px !important;padding-top: 30px !important;padding-right: 30px !important;padding-bottom: 30px !important;padding-left: 30px !important;border-left-color: #ffffff !important;border-left-style: solid !important;border-right-color: #ffffff !important;border-right-style: solid !important;border-top-color: #ffffff !important;border-top-style: solid !important;border-bottom-color: #ffffff !important;border-bottom-style: solid !important;}\u00bb]<div class=\"aio-icon-component  vc_custom_1516189528478  accent-icon-color accent-border-color style_1\"><div id=\"Info-box-wrap-3343\" class=\"aio-icon-box top-icon\" style=\"\"  ><div class=\"aio-icon-top\"><div class=\"ult-just-icon-wrapper  \"><div class=\"align-icon\" style=\"text-align:center;\">\n<div class=\"aio-icon advanced \"  style=\"color:#333;border-style:solid;border-color:;border-width:2px;width:70px;height:70px;line-height:70px;border-radius:500px;font-size:28px;display:inline-block;\">\n\t<i class=\"Defaults-user\"><\/i>\n<\/div><\/div><\/div><\/div><div class=\"aio-icon-description ult-responsive\"  data-ultimate-target='#Info-box-wrap-3343 .aio-icon-description'  data-responsive-json-new='{\"font-size\":\"\",\"line-height\":\"\"}'  style=\"color:#ffffff;\"><strong>Escuchamos<\/strong>, para poderte ofrecer el mejor asesoramiento, adapt\u00e1ndonos a tus necesidades e implic\u00e1ndonos con el resultado.<\/div> <!-- description --><\/div> <!-- aio-icon-box --><\/div> <!-- aio-icon-component --><div class=\"hr-thin style-line accent-border-color\" style=\"width: 70px;border-top-width: 2px;\"><\/div>[\/vc_column_inner][vc_column_inner width=\u00bb1\/3&#8243; css=\u00bb.vc_custom_1499353540140{padding-top: 30px !important;padding-right: 30px !important;padding-bottom: 30px !important;padding-left: 30px !important;background-color: #ffffff !important;}\u00bb]<div class=\"aio-icon-component  vc_custom_1516189585179  accent-icon-color accent-border-color style_1\"><div id=\"Info-box-wrap-6026\" class=\"aio-icon-box top-icon\" style=\"\"  ><div class=\"aio-icon-top\"><div class=\"ult-just-icon-wrapper  \"><div class=\"align-icon\" style=\"text-align:center;\">\n<div class=\"aio-icon advanced \"  style=\"color:#333;border-style:solid;border-color:;border-width:2px;width:70px;height:70px;line-height:70px;border-radius:500px;font-size:28px;display:inline-block;\">\n\t<i class=\"Defaults-cogs gears\"><\/i>\n<\/div><\/div><\/div><\/div><div class=\"aio-icon-description ult-responsive\"  data-ultimate-target='#Info-box-wrap-6026 .aio-icon-description'  data-responsive-json-new='{\"font-size\":\"\",\"line-height\":\"\"}'  style=\"\">La <strong>motivaci\u00f3n<\/strong> es demostrar que nos gusta lo que hacemos y trabajamos para aportar al cliente la satisfacci\u00f3n del trabajo fen hecho.<\/div> <!-- description --><\/div> <!-- aio-icon-box --><\/div> <!-- aio-icon-component --><div class=\"hr-thin style-line accent-border-color\" style=\"width: 70px;border-top-width: 2px;\"><\/div>[\/vc_column_inner][vc_column_inner width=\u00bb1\/3&#8243; css=\u00bb.vc_custom_1513241474596{border-top-width: 2px !important;border-right-width: 2px !important;border-bottom-width: 2px !important;border-left-width: 2px !important;padding-top: 30px !important;padding-right: 30px !important;padding-bottom: 30px !important;padding-left: 30px !important;border-left-color: #ffffff !important;border-left-style: solid !important;border-right-color: #ffffff !important;border-right-style: solid !important;border-top-color: #ffffff !important;border-top-style: solid !important;border-bottom-color: #ffffff !important;border-bottom-style: solid !important;}\u00bb]<div class=\"aio-icon-component  vc_custom_1516189615378  accent-icon-color accent-border-color style_1\"><div id=\"Info-box-wrap-9983\" class=\"aio-icon-box top-icon\" style=\"\"  ><div class=\"aio-icon-top\"><div class=\"ult-just-icon-wrapper  \"><div class=\"align-icon\" style=\"text-align:center;\">\n<div class=\"aio-icon advanced \"  style=\"color:#333;border-style:solid;border-color:;border-width:2px;width:70px;height:70px;line-height:70px;border-radius:500px;font-size:28px;display:inline-block;\">\n\t<i class=\"Defaults-thumbs-o-up\"><\/i>\n<\/div><\/div><\/div><\/div><div class=\"aio-icon-description ult-responsive\"  data-ultimate-target='#Info-box-wrap-9983 .aio-icon-description'  data-responsive-json-new='{\"font-size\":\"\",\"line-height\":\"\"}'  style=\"color:#ffffff;\"><strong>La experiencia positiva<\/strong> de nuestros clientes es nuestro objetivo. Queremos que sientas la tranquilidad de trabajar con un equipo de <strong>confianza<\/strong>.<\/div> <!-- description --><\/div> <!-- aio-icon-box --><\/div> <!-- aio-icon-component --><div class=\"hr-thin style-line accent-border-color\" style=\"width: 70px;border-top-width: 2px;\"><\/div>[\/vc_column_inner][vc_column_inner width=\u00bb1\/3&#8243; css=\u00bb.vc_custom_1499417257639{padding: 30px !important;background-color: #ffffff !important;}\u00bb]<div class=\"aio-icon-component  vc_custom_1516189645982  accent-icon-color accent-border-color style_1\"><div id=\"Info-box-wrap-8527\" class=\"aio-icon-box top-icon\" style=\"\"  ><div class=\"aio-icon-top\"><div class=\"ult-just-icon-wrapper  \"><div class=\"align-icon\" style=\"text-align:center;\">\n<div class=\"aio-icon advanced \"  style=\"color:#333;border-style:solid;border-color:;border-width:2px;width:70px;height:70px;line-height:70px;border-radius:500px;font-size:28px;display:inline-block;\">\n\t<i class=\"Defaults-exclamation\"><\/i>\n<\/div><\/div><\/div><\/div><div class=\"aio-icon-description ult-responsive\"  data-ultimate-target='#Info-box-wrap-8527 .aio-icon-description'  data-responsive-json-new='{\"font-size\":\"\",\"line-height\":\"\"}'  style=\"\"><strong>Nos exigimos<\/strong>, porque la exigencia de nuestros clientes nos hace buscar la <strong>innovaci\u00f3n<\/strong> en nuestros productos.<\/div> <!-- description --><\/div> <!-- aio-icon-box --><\/div> <!-- aio-icon-component --><div class=\"hr-thin style-line accent-border-color\" style=\"width: 70px;border-top-width: 2px;\"><\/div>[\/vc_column_inner][vc_column_inner width=\u00bb1\/3&#8243; css=\u00bb.vc_custom_1513241483664{border-top-width: 2px !important;border-right-width: 2px !important;border-bottom-width: 2px !important;border-left-width: 2px !important;padding-top: 30px !important;padding-right: 30px !important;padding-bottom: 30px !important;padding-left: 30px !important;border-left-color: #ffffff !important;border-left-style: solid !important;border-right-color: #ffffff !important;border-right-style: solid !important;border-top-color: #ffffff !important;border-top-style: solid !important;border-bottom-color: #ffffff !important;border-bottom-style: solid !important;}\u00bb]<div class=\"aio-icon-component  vc_custom_1516359953087  accent-icon-color accent-border-color style_1\"><div id=\"Info-box-wrap-5020\" class=\"aio-icon-box top-icon\" style=\"\"  ><div class=\"aio-icon-top\"><div class=\"ult-just-icon-wrapper  \"><div class=\"align-icon\" style=\"text-align:center;\">\n<div class=\"aio-icon advanced \"  style=\"color:#333;border-style:solid;border-color:;border-width:2px;width:70px;height:70px;line-height:70px;border-radius:500px;font-size:28px;display:inline-block;\">\n\t<i class=\"Defaults-lock\"><\/i>\n<\/div><\/div><\/div><\/div><div class=\"aio-icon-description ult-responsive\"  data-ultimate-target='#Info-box-wrap-5020 .aio-icon-description'  data-responsive-json-new='{\"font-size\":\"\",\"line-height\":\"\"}'  style=\"color:#ffffff;\"><strong>Garant\u00eda<\/strong> es responsabilidad en el trabajo que hacemos, trabajando con nuestros proveedores, y respondiendo ante cualquier da\u00f1o o reparaci\u00f3n, para dar <strong>seguridad<\/strong> a nuestros clientes.<\/div> <!-- description --><\/div> <!-- aio-icon-box --><\/div> <!-- aio-icon-component --><div class=\"hr-thin style-line accent-border-color\" style=\"width: 70px;border-top-width: 2px;\"><\/div>[\/vc_column_inner][vc_column_inner width=\u00bb1\/3&#8243; css=\u00bb.vc_custom_1499353533362{padding: 30px !important;background-color: #ffffff !important;}\u00bb]<div class=\"aio-icon-component  vc_custom_1516189669710  accent-icon-color accent-border-color style_1\"><div id=\"Info-box-wrap-4338\" class=\"aio-icon-box top-icon\" style=\"\"  ><div class=\"aio-icon-top\"><div class=\"ult-just-icon-wrapper  \"><div class=\"align-icon\" style=\"text-align:center;\">\n<div class=\"aio-icon advanced \"  style=\"color:#333;border-style:solid;border-color:;border-width:2px;width:70px;height:70px;line-height:70px;border-radius:500px;font-size:28px;display:inline-block;\">\n\t<i class=\"Defaults-group users\"><\/i>\n<\/div><\/div><\/div><\/div><div class=\"aio-icon-description ult-responsive\"  data-ultimate-target='#Info-box-wrap-4338 .aio-icon-description'  data-responsive-json-new='{\"font-size\":\"\",\"line-height\":\"\"}'  style=\"\">Somos un equipo de profesionales <strong>especializados<\/strong> en la instalaci\u00f3n y mantenimiento de todo tipo de cierres de aluminios.<\/div> <!-- description --><\/div> <!-- aio-icon-box --><\/div> <!-- aio-icon-component --><div class=\"hr-thin style-line accent-border-color\" style=\"width: 70px;border-top-width: 2px;\"><\/div>[\/vc_column_inner][\/vc_row_inner][\/vc_column][\/vc_row]<\/p>\n","protected":false},"excerpt":{"rendered":"<p>[vc_row type=\u00bbvc_default\u00bb content_placement=\u00bbtop\u00bb el_id=\u00bbabout\u00bb css=\u00bb.vc_custom_1501059079815{padding-top: 90px !important;padding-bottom: 50px !important;}\u00bb][vc_column css=\u00bb.vc_custom_1501163010954{padding-bottom: 50px !important;}\u00bb offset=\u00bbvc_col-lg-6 vc_col-md-8&#8243;][vc_column_text css=\u00bb.vc_custom_1721116334172{margin-bottom: 30px !important;}\u00bb]ALUMINIS MERCADE, S.L. naci\u00f3 hace m\u00e1s de 30 a\u00f1os con el objetivo de dar el mejor producto y servicio a todos sus clientes, aportando las mejores soluciones a cada proyecto y novedades. Como fabricantes e instaladores oficiales de la&hellip;<\/p>\n","protected":false},"author":1,"featured_media":0,"parent":0,"menu_order":0,"comment_status":"closed","ping_status":"closed","template":"","meta":[],"yoast_head":"<!-- This site is optimized with the Yoast SEO plugin v18.3 - https:\/\/yoast.com\/wordpress\/plugins\/seo\/ -->\n<title>Empresa de Aluminios de Lleida<\/title>\n<meta name=\"description\" content=\"Empresa de aluminios y pvc de Lleida. Ventanas aluminio y ventanas PVC. Suministro y colocaci\u00f3n de aluminio y pvc en Lleida.\" \/>\n<meta name=\"robots\" content=\"index, follow, max-snippet:-1, max-image-preview:large, max-video-preview:-1\" \/>\n<link rel=\"canonical\" href=\"https:\/\/aluminismercade.com\/es\/empresa-y-servicios\/\" \/>\n<meta property=\"og:locale\" content=\"es_ES\" \/>\n<meta property=\"og:type\" content=\"article\" \/>\n<meta property=\"og:title\" content=\"Empresa de Aluminios de Lleida\" \/>\n<meta property=\"og:description\" content=\"Empresa de aluminios y pvc de Lleida. Ventanas aluminio y ventanas PVC. Suministro y colocaci\u00f3n de aluminio y pvc en Lleida.\" \/>\n<meta property=\"og:url\" content=\"https:\/\/aluminismercade.com\/es\/empresa-y-servicios\/\" \/>\n<meta property=\"og:site_name\" content=\"Aluminis Mercad\u00e9 - Lleida, Torrefarrera, tancaments, pvc, reparacions, mampares, persianes, mosquiteres, barenes, portes, enrollables, estores, toldo, sostres, etc.\" \/>\n<meta property=\"article:modified_time\" content=\"2024-07-16T07:52:19+00:00\" \/>\n<meta name=\"twitter:card\" content=\"summary\" \/>\n<meta name=\"twitter:label1\" content=\"Tiempo de lectura\" \/>\n\t<meta name=\"twitter:data1\" content=\"4 minutos\" \/>\n<script type=\"application\/ld+json\" class=\"yoast-schema-graph\">{\"@context\":\"https:\/\/schema.org\",\"@graph\":[{\"@type\":\"WebSite\",\"@id\":\"https:\/\/aluminismercade.com\/#website\",\"url\":\"https:\/\/aluminismercade.com\/\",\"name\":\"Aluminis Mercad\u00e9 - Lleida, Torrefarrera, tancaments, pvc, reparacions, mampares, persianes, mosquiteres, barenes, portes, enrollables, estores, toldo, sostres, etc.\",\"description\":\"Lleida, Torrefarrera, tancaments, pvc, reparacions, mampares, persianes, mosquiteres, barenes, portes, enrollables, estores, toldo, sostres, etc.\",\"potentialAction\":[{\"@type\":\"SearchAction\",\"target\":{\"@type\":\"EntryPoint\",\"urlTemplate\":\"https:\/\/aluminismercade.com\/?s={search_term_string}\"},\"query-input\":\"required name=search_term_string\"}],\"inLanguage\":\"es\"},{\"@type\":\"WebPage\",\"@id\":\"https:\/\/aluminismercade.com\/es\/empresa-y-servicios\/#webpage\",\"url\":\"https:\/\/aluminismercade.com\/es\/empresa-y-servicios\/\",\"name\":\"Empresa de Aluminios de Lleida\",\"isPartOf\":{\"@id\":\"https:\/\/aluminismercade.com\/#website\"},\"datePublished\":\"2017-11-29T10:40:50+00:00\",\"dateModified\":\"2024-07-16T07:52:19+00:00\",\"description\":\"Empresa de aluminios y pvc de Lleida. Ventanas aluminio y ventanas PVC. Suministro y colocaci\u00f3n de aluminio y pvc en Lleida.\",\"breadcrumb\":{\"@id\":\"https:\/\/aluminismercade.com\/es\/empresa-y-servicios\/#breadcrumb\"},\"inLanguage\":\"es\",\"potentialAction\":[{\"@type\":\"ReadAction\",\"target\":[\"https:\/\/aluminismercade.com\/es\/empresa-y-servicios\/\"]}]},{\"@type\":\"BreadcrumbList\",\"@id\":\"https:\/\/aluminismercade.com\/es\/empresa-y-servicios\/#breadcrumb\",\"itemListElement\":[{\"@type\":\"ListItem\",\"position\":1,\"name\":\"Portada\",\"item\":\"https:\/\/aluminismercade.com\/es\/\"},{\"@type\":\"ListItem\",\"position\":2,\"name\":\"Empresa y servicios\"}]}]}<\/script>\n<!-- \/ Yoast SEO plugin. -->","yoast_head_json":{"title":"Empresa de Aluminios de Lleida","description":"Empresa de aluminios y pvc de Lleida. Ventanas aluminio y ventanas PVC. Suministro y colocaci\u00f3n de aluminio y pvc en Lleida.","robots":{"index":"index","follow":"follow","max-snippet":"max-snippet:-1","max-image-preview":"max-image-preview:large","max-video-preview":"max-video-preview:-1"},"canonical":"https:\/\/aluminismercade.com\/es\/empresa-y-servicios\/","og_locale":"es_ES","og_type":"article","og_title":"Empresa de Aluminios de Lleida","og_description":"Empresa de aluminios y pvc de Lleida. Ventanas aluminio y ventanas PVC. Suministro y colocaci\u00f3n de aluminio y pvc en Lleida.","og_url":"https:\/\/aluminismercade.com\/es\/empresa-y-servicios\/","og_site_name":"Aluminis Mercad\u00e9 - Lleida, Torrefarrera, tancaments, pvc, reparacions, mampares, persianes, mosquiteres, barenes, portes, enrollables, estores, toldo, sostres, etc.","article_modified_time":"2024-07-16T07:52:19+00:00","twitter_card":"summary","twitter_misc":{"Tiempo de lectura":"4 minutos"},"schema":{"@context":"https:\/\/schema.org","@graph":[{"@type":"WebSite","@id":"https:\/\/aluminismercade.com\/#website","url":"https:\/\/aluminismercade.com\/","name":"Aluminis Mercad\u00e9 - Lleida, Torrefarrera, tancaments, pvc, reparacions, mampares, persianes, mosquiteres, barenes, portes, enrollables, estores, toldo, sostres, etc.","description":"Lleida, Torrefarrera, tancaments, pvc, reparacions, mampares, persianes, mosquiteres, barenes, portes, enrollables, estores, toldo, sostres, etc.","potentialAction":[{"@type":"SearchAction","target":{"@type":"EntryPoint","urlTemplate":"https:\/\/aluminismercade.com\/?s={search_term_string}"},"query-input":"required name=search_term_string"}],"inLanguage":"es"},{"@type":"WebPage","@id":"https:\/\/aluminismercade.com\/es\/empresa-y-servicios\/#webpage","url":"https:\/\/aluminismercade.com\/es\/empresa-y-servicios\/","name":"Empresa de Aluminios de Lleida","isPartOf":{"@id":"https:\/\/aluminismercade.com\/#website"},"datePublished":"2017-11-29T10:40:50+00:00","dateModified":"2024-07-16T07:52:19+00:00","description":"Empresa de aluminios y pvc de Lleida. Ventanas aluminio y ventanas PVC. Suministro y colocaci\u00f3n de aluminio y pvc en Lleida.","breadcrumb":{"@id":"https:\/\/aluminismercade.com\/es\/empresa-y-servicios\/#breadcrumb"},"inLanguage":"es","potentialAction":[{"@type":"ReadAction","target":["https:\/\/aluminismercade.com\/es\/empresa-y-servicios\/"]}]},{"@type":"BreadcrumbList","@id":"https:\/\/aluminismercade.com\/es\/empresa-y-servicios\/#breadcrumb","itemListElement":[{"@type":"ListItem","position":1,"name":"Portada","item":"https:\/\/aluminismercade.com\/es\/"},{"@type":"ListItem","position":2,"name":"Empresa y servicios"}]}]}},"_links":{"self":[{"href":"https:\/\/aluminismercade.com\/es\/wp-json\/wp\/v2\/pages\/2113"}],"collection":[{"href":"https:\/\/aluminismercade.com\/es\/wp-json\/wp\/v2\/pages"}],"about":[{"href":"https:\/\/aluminismercade.com\/es\/wp-json\/wp\/v2\/types\/page"}],"author":[{"embeddable":true,"href":"https:\/\/aluminismercade.com\/es\/wp-json\/wp\/v2\/users\/1"}],"replies":[{"embeddable":true,"href":"https:\/\/aluminismercade.com\/es\/wp-json\/wp\/v2\/comments?post=2113"}],"version-history":[{"count":12,"href":"https:\/\/aluminismercade.com\/es\/wp-json\/wp\/v2\/pages\/2113\/revisions"}],"predecessor-version":[{"id":17155,"href":"https:\/\/aluminismercade.com\/es\/wp-json\/wp\/v2\/pages\/2113\/revisions\/17155"}],"wp:attachment":[{"href":"https:\/\/aluminismercade.com\/es\/wp-json\/wp\/v2\/media?parent=2113"}],"curies":[{"name":"wp","href":"https:\/\/api.w.org\/{rel}","templated":true}]}}